{"id":33,"date":"2025-03-24T15:19:44","date_gmt":"2025-03-24T15:19:44","guid":{"rendered":"https:\/\/portonovosuites.it\/?page_id=33"},"modified":"2025-06-18T16:00:24","modified_gmt":"2025-06-18T16:00:24","slug":"contatti","status":"publish","type":"page","link":"https:\/\/portonovosuites.it\/en\/contatti\/","title":{"rendered":"Contact us"},"content":{"rendered":"\t\t<div data-elementor-type=\"wp-page\" data-elementor-id=\"33\" class=\"elementor elementor-33\" data-elementor-post-type=\"page\">\n\t\t\t\t<div class=\"elementor-element elementor-element-e338ed3 e-flex e-con-boxed e-con e-parent\" data-id=\"e338ed3\" data-element_type=\"container\" data-e-type=\"container\" data-settings=\"{&quot;background_background&quot;:&quot;classic&quot;}\">\n\t\t\t\t\t<div class=\"e-con-inner\">\n\t\t\t\t\t<\/div>\n\t\t\t\t<\/div>\n\t\t<div class=\"elementor-element elementor-element-c2e7d92 e-flex e-con-boxed e-con e-parent\" data-id=\"c2e7d92\" data-element_type=\"container\" data-e-type=\"container\">\n\t\t\t\t\t<div class=\"e-con-inner\">\n\t\t\t\t<div class=\"elementor-element elementor-element-10bbdbd elementor-widget elementor-widget-heading\" data-id=\"10bbdbd\" data-element_type=\"widget\" data-e-type=\"widget\" data-widget_type=\"heading.default\">\n\t\t\t\t<div class=\"elementor-widget-container\">\n\t\t\t\t\t<h1 class=\"elementor-heading-title elementor-size-default\">Contattaci<\/h1>\t\t\t\t<\/div>\n\t\t\t\t<\/div>\n\t\t\t\t<div class=\"elementor-element elementor-element-2c82ab8 elementor-widget elementor-widget-heading\" data-id=\"2c82ab8\" data-element_type=\"widget\" data-e-type=\"widget\" data-widget_type=\"heading.default\">\n\t\t\t\t<div class=\"elementor-widget-container\">\n\t\t\t\t\t<h2 class=\"elementor-heading-title elementor-size-default\"> Richiedi informazioni, prenota facilmente<\/h2>\t\t\t\t<\/div>\n\t\t\t\t<\/div>\n\t\t<div class=\"elementor-element elementor-element-300e1d9 e-con-full e-flex e-con e-child\" data-id=\"300e1d9\" data-element_type=\"container\" data-e-type=\"container\">\n\t\t<div class=\"elementor-element elementor-element-0c23e7c e-con-full e-flex e-con e-child\" data-id=\"0c23e7c\" data-element_type=\"container\" data-e-type=\"container\">\n\t\t\t\t<div class=\"elementor-element elementor-element-9a66101 elementor-widget elementor-widget-text-editor\" data-id=\"9a66101\" data-element_type=\"widget\" data-e-type=\"widget\" data-widget_type=\"text-editor.default\">\n\t\t\t\t<div class=\"elementor-widget-container\">\n\t\t\t\t\t\t\t\t\t<p>Contatta il nostro staff per richiedere informazioni dettagliate su disponibilit\u00e0, prezzi e offerte speciali per il tuo soggiorno nelle nostre Suites a Portonovo Ancona. Il nostro team ti assister\u00e0 con professionalit\u00e0 e rapidit\u00e0.<\/p>\t\t\t\t\t\t\t\t<\/div>\n\t\t\t\t<\/div>\n\t\t\t\t<\/div>\n\t\t<div class=\"elementor-element elementor-element-1c98999 e-con-full e-flex e-con e-child\" data-id=\"1c98999\" data-element_type=\"container\" data-e-type=\"container\" data-settings=\"{&quot;background_background&quot;:&quot;classic&quot;}\">\n\t\t\t\t<div class=\"elementor-element elementor-element-df4fe69 elementor-icon-list--layout-traditional elementor-list-item-link-full_width elementor-widget elementor-widget-icon-list\" data-id=\"df4fe69\" data-element_type=\"widget\" data-e-type=\"widget\" data-widget_type=\"icon-list.default\">\n\t\t\t\t<div class=\"elementor-widget-container\">\n\t\t\t\t\t\t\t<ul class=\"elementor-icon-list-items\">\n\t\t\t\t\t\t\t<li class=\"elementor-icon-list-item\">\n\t\t\t\t\t\t\t\t\t\t\t<span class=\"elementor-icon-list-icon\">\n\t\t\t\t\t\t\t<svg aria-hidden=\"true\" class=\"e-font-icon-svg e-fas-check\" viewBox=\"0 0 512 512\" xmlns=\"http:\/\/www.w3.org\/2000\/svg\"><path d=\"M173.898 439.404l-166.4-166.4c-9.997-9.997-9.997-26.206 0-36.204l36.203-36.204c9.997-9.998 26.207-9.998 36.204 0L192 312.69 432.095 72.596c9.997-9.997 26.207-9.997 36.204 0l36.203 36.204c9.997 9.997 9.997 26.206 0 36.204l-294.4 294.401c-9.998 9.997-26.207 9.997-36.204-.001z\"><\/path><\/svg>\t\t\t\t\t\t<\/span>\n\t\t\t\t\t\t\t\t\t\t<span class=\"elementor-icon-list-text\">Assistenza personalizzata su prenotazioni e soggiorni<\/span>\n\t\t\t\t\t\t\t\t\t<\/li>\n\t\t\t\t\t\t\t\t<li class=\"elementor-icon-list-item\">\n\t\t\t\t\t\t\t\t\t\t\t<span class=\"elementor-icon-list-icon\">\n\t\t\t\t\t\t\t<svg aria-hidden=\"true\" class=\"e-font-icon-svg e-fas-check\" viewBox=\"0 0 512 512\" xmlns=\"http:\/\/www.w3.org\/2000\/svg\"><path d=\"M173.898 439.404l-166.4-166.4c-9.997-9.997-9.997-26.206 0-36.204l36.203-36.204c9.997-9.998 26.207-9.998 36.204 0L192 312.69 432.095 72.596c9.997-9.997 26.207-9.997 36.204 0l36.203 36.204c9.997 9.997 9.997 26.206 0 36.204l-294.4 294.401c-9.998 9.997-26.207 9.997-36.204-.001z\"><\/path><\/svg>\t\t\t\t\t\t<\/span>\n\t\t\t\t\t\t\t\t\t\t<span class=\"elementor-icon-list-text\">Risposte rapide, chiare e dettagliate<\/span>\n\t\t\t\t\t\t\t\t\t<\/li>\n\t\t\t\t\t\t\t\t<li class=\"elementor-icon-list-item\">\n\t\t\t\t\t\t\t\t\t\t\t<span class=\"elementor-icon-list-icon\">\n\t\t\t\t\t\t\t<svg aria-hidden=\"true\" class=\"e-font-icon-svg e-fas-check\" viewBox=\"0 0 512 512\" xmlns=\"http:\/\/www.w3.org\/2000\/svg\"><path d=\"M173.898 439.404l-166.4-166.4c-9.997-9.997-9.997-26.206 0-36.204l36.203-36.204c9.997-9.998 26.207-9.998 36.204 0L192 312.69 432.095 72.596c9.997-9.997 26.207-9.997 36.204 0l36.203 36.204c9.997 9.997 9.997 26.206 0 36.204l-294.4 294.401c-9.998 9.997-26.207 9.997-36.204-.001z\"><\/path><\/svg>\t\t\t\t\t\t<\/span>\n\t\t\t\t\t\t\t\t\t\t<span class=\"elementor-icon-list-text\">Contatti diretti tramite email o telefono<\/span>\n\t\t\t\t\t\t\t\t\t<\/li>\n\t\t\t\t\t\t<\/ul>\n\t\t\t\t\t\t<\/div>\n\t\t\t\t<\/div>\n\t\t\t\t<\/div>\n\t\t\t\t<\/div>\n\t\t\t\t\t<\/div>\n\t\t\t\t<\/div>\n\t\t<div class=\"elementor-element elementor-element-b3485f5 e-con-full e-flex e-con e-parent\" data-id=\"b3485f5\" data-element_type=\"container\" data-e-type=\"container\" data-settings=\"{&quot;background_background&quot;:&quot;classic&quot;}\">\n\t\t<div class=\"elementor-element elementor-element-d371435 e-flex e-con-boxed e-con e-child\" data-id=\"d371435\" data-element_type=\"container\" data-e-type=\"container\">\n\t\t\t\t\t<div class=\"e-con-inner\">\n\t\t\t\t<div class=\"elementor-element elementor-element-c9a84b5 elementor-widget elementor-widget-heading\" data-id=\"c9a84b5\" data-element_type=\"widget\" data-e-type=\"widget\" data-widget_type=\"heading.default\">\n\t\t\t\t<div class=\"elementor-widget-container\">\n\t\t\t\t\t<p class=\"elementor-heading-title elementor-size-default\">Richiedi informazioni<\/p>\t\t\t\t<\/div>\n\t\t\t\t<\/div>\n\t\t\t\t<div class=\"elementor-element elementor-element-e915c11 elementor-button-align-stretch elementor-widget elementor-widget-form\" data-id=\"e915c11\" data-element_type=\"widget\" data-e-type=\"widget\" data-settings=\"{&quot;step_next_label&quot;:&quot;Successivo&quot;,&quot;step_previous_label&quot;:&quot;Precedente&quot;,&quot;button_width&quot;:&quot;100&quot;,&quot;step_type&quot;:&quot;number_text&quot;,&quot;step_icon_shape&quot;:&quot;circle&quot;}\" data-widget_type=\"form.default\">\n\t\t\t\t<div class=\"elementor-widget-container\">\n\t\t\t\t\t\t\t<form class=\"elementor-form\" method=\"post\" name=\"Nuovo modulo\" aria-label=\"Nuovo modulo\">\n\t\t\t<input type=\"hidden\" name=\"post_id\" value=\"33\"\/>\n\t\t\t<input type=\"hidden\" name=\"form_id\" value=\"e915c11\"\/>\n\t\t\t<input type=\"hidden\" name=\"referer_title\" value=\"Portonovo Suites\" \/>\n\n\t\t\t\n\t\t\t<div class=\"elementor-form-fields-wrapper elementor-labels-\">\n\t\t\t\t\t\t\t\t<div class=\"elementor-field-type-text elementor-field-group elementor-column elementor-field-group-name elementor-col-100\">\n\t\t\t\t\t\t\t\t\t\t\t\t<label for=\"form-field-name\" class=\"elementor-field-label elementor-screen-only\">\n\t\t\t\t\t\t\t\tNome\t\t\t\t\t\t\t<\/label>\n\t\t\t\t\t\t\t\t\t\t\t\t\t\t<input size=\"1\" type=\"text\" name=\"form_fields[name]\" id=\"form-field-name\" class=\"elementor-field elementor-size-sm  elementor-field-textual\" placeholder=\"Nome\">\n\t\t\t\t\t\t\t\t\t\t\t<\/div>\n\t\t\t\t\t\t\t\t<div class=\"elementor-field-type-text elementor-field-group elementor-column elementor-field-group-field_161496d elementor-col-100\">\n\t\t\t\t\t\t\t\t\t\t\t\t<label for=\"form-field-field_161496d\" class=\"elementor-field-label elementor-screen-only\">\n\t\t\t\t\t\t\t\tCognome\t\t\t\t\t\t\t<\/label>\n\t\t\t\t\t\t\t\t\t\t\t\t\t\t<input size=\"1\" type=\"text\" name=\"form_fields[field_161496d]\" id=\"form-field-field_161496d\" class=\"elementor-field elementor-size-sm  elementor-field-textual\" placeholder=\"Cognome\">\n\t\t\t\t\t\t\t\t\t\t\t<\/div>\n\t\t\t\t\t\t\t\t<div class=\"elementor-field-type-email elementor-field-group elementor-column elementor-field-group-email elementor-col-100 elementor-field-required\">\n\t\t\t\t\t\t\t\t\t\t\t\t<label for=\"form-field-email\" class=\"elementor-field-label elementor-screen-only\">\n\t\t\t\t\t\t\t\tEmail\t\t\t\t\t\t\t<\/label>\n\t\t\t\t\t\t\t\t\t\t\t\t\t\t<input size=\"1\" type=\"email\" name=\"form_fields[email]\" id=\"form-field-email\" class=\"elementor-field elementor-size-sm  elementor-field-textual\" placeholder=\"Email\" required=\"required\">\n\t\t\t\t\t\t\t\t\t\t\t<\/div>\n\t\t\t\t\t\t\t\t<div class=\"elementor-field-type-tel elementor-field-group elementor-column elementor-field-group-field_7d4343c elementor-col-100 elementor-field-required\">\n\t\t\t\t\t\t\t\t\t\t\t\t<label for=\"form-field-field_7d4343c\" class=\"elementor-field-label elementor-screen-only\">\n\t\t\t\t\t\t\t\tTelefono\t\t\t\t\t\t\t<\/label>\n\t\t\t\t\t\t\t\t<input size=\"1\" type=\"tel\" name=\"form_fields[field_7d4343c]\" id=\"form-field-field_7d4343c\" class=\"elementor-field elementor-size-sm  elementor-field-textual\" placeholder=\"Telefono\" required=\"required\" pattern=\"[0-9()#&amp;+*-=.]+\" title=\"Only numbers and phone characters (#, -, *, etc) are accepted.\">\n\n\t\t\t\t\t\t<\/div>\n\t\t\t\t\t\t\t\t<div class=\"elementor-field-type-textarea elementor-field-group elementor-column elementor-field-group-message elementor-col-100\">\n\t\t\t\t\t\t\t\t\t\t\t\t<label for=\"form-field-message\" class=\"elementor-field-label elementor-screen-only\">\n\t\t\t\t\t\t\t\tMessaggio\t\t\t\t\t\t\t<\/label>\n\t\t\t\t\t\t<textarea class=\"elementor-field-textual elementor-field  elementor-size-sm\" name=\"form_fields[message]\" id=\"form-field-message\" rows=\"4\" placeholder=\"Messaggio\"><\/textarea>\t\t\t\t<\/div>\n\t\t\t\t\t\t\t\t<div class=\"elementor-field-group elementor-column elementor-field-type-submit elementor-col-100 e-form__buttons\">\n\t\t\t\t\t<button class=\"elementor-button elementor-size-sm\" type=\"submit\">\n\t\t\t\t\t\t<span class=\"elementor-button-content-wrapper\">\n\t\t\t\t\t\t\t\t\t\t\t\t\t\t\t\t\t\t\t\t\t\t<span class=\"elementor-button-text\">Invia<\/span>\n\t\t\t\t\t\t\t\t\t\t\t\t\t<\/span>\n\t\t\t\t\t<\/button>\n\t\t\t\t<\/div>\n\t\t\t<\/div>\n\t\t<\/form>\n\t\t\t\t\t\t<\/div>\n\t\t\t\t<\/div>\n\t\t\t\t\t<\/div>\n\t\t\t\t<\/div>\n\t\t\t\t<\/div>\n\t\t\t\t<\/div>\n\t\t","protected":false},"excerpt":{"rendered":"<p>Contattaci Richiedi informazioni, prenota facilmente Contatta il nostro staff per richiedere informazioni dettagliate su disponibilit\u00e0, prezzi e offerte speciali per il tuo soggiorno nelle nostre Suites a Portonovo Ancona. Il nostro team ti assister\u00e0 con professionalit\u00e0 e rapidit\u00e0. Assistenza personalizzata su prenotazioni e soggiorni Risposte rapide, chiare e dettagliate Contatti diretti tramite email o telefono [&hellip;]<\/p>\n","protected":false},"author":1,"featured_media":0,"parent":0,"menu_order":0,"comment_status":"closed","ping_status":"closed","template":"","meta":{"_acf_changed":false,"footnotes":""},"class_list":["post-33","page","type-page","status-publish","hentry"],"acf":[],"yoast_head":"<!-- This site is optimized with the Yoast SEO plugin v27.2 - https:\/\/yoast.com\/product\/yoast-seo-wordpress\/ -->\n<title>Contatti - Portonovo Suites<\/title>\n<meta name=\"robots\" content=\"index, follow, max-snippet:-1, max-image-preview:large, max-video-preview:-1\" \/>\n<link rel=\"canonical\" href=\"https:\/\/portonovosuites.it\/en\/contatti\/\" \/>\n<meta property=\"og:locale\" content=\"en_GB\" \/>\n<meta property=\"og:type\" content=\"article\" \/>\n<meta property=\"og:title\" content=\"Contatti - Portonovo Suites\" \/>\n<meta property=\"og:description\" content=\"Contattaci Richiedi informazioni, prenota facilmente Contatta il nostro staff per richiedere informazioni dettagliate su disponibilit\u00e0, prezzi e offerte speciali per il tuo soggiorno nelle nostre Suites a Portonovo Ancona. Il nostro team ti assister\u00e0 con professionalit\u00e0 e rapidit\u00e0. Assistenza personalizzata su prenotazioni e soggiorni Risposte rapide, chiare e dettagliate Contatti diretti tramite email o telefono [&hellip;]\" \/>\n<meta property=\"og:url\" content=\"https:\/\/portonovosuites.it\/en\/contatti\/\" \/>\n<meta property=\"og:site_name\" content=\"Portonovo Suites\" \/>\n<meta property=\"article:modified_time\" content=\"2025-06-18T16:00:24+00:00\" \/>\n<meta name=\"twitter:card\" content=\"summary_large_image\" \/>\n<meta name=\"twitter:label1\" content=\"Estimated reading time\" \/>\n\t<meta name=\"twitter:data1\" content=\"1 minute\" \/>\n<script type=\"application\/ld+json\" class=\"yoast-schema-graph\">{\"@context\":\"https:\/\/schema.org\",\"@graph\":[{\"@type\":\"WebPage\",\"@id\":\"https:\/\/portonovosuites.it\/contatti\/\",\"url\":\"https:\/\/portonovosuites.it\/contatti\/\",\"name\":\"Contatti - Portonovo Suites\",\"isPartOf\":{\"@id\":\"https:\/\/portonovosuites.it\/#website\"},\"datePublished\":\"2025-03-24T15:19:44+00:00\",\"dateModified\":\"2025-06-18T16:00:24+00:00\",\"breadcrumb\":{\"@id\":\"https:\/\/portonovosuites.it\/contatti\/#breadcrumb\"},\"inLanguage\":\"en-GB\",\"potentialAction\":[{\"@type\":\"ReadAction\",\"target\":[\"https:\/\/portonovosuites.it\/contatti\/\"]}]},{\"@type\":\"BreadcrumbList\",\"@id\":\"https:\/\/portonovosuites.it\/contatti\/#breadcrumb\",\"itemListElement\":[{\"@type\":\"ListItem\",\"position\":1,\"name\":\"Home\",\"item\":\"https:\/\/portonovosuites.it\/\"},{\"@type\":\"ListItem\",\"position\":2,\"name\":\"Contatti\"}]},{\"@type\":\"WebSite\",\"@id\":\"https:\/\/portonovosuites.it\/#website\",\"url\":\"https:\/\/portonovosuites.it\/\",\"name\":\"Portonovo Suites\",\"description\":\"\",\"publisher\":{\"@id\":\"https:\/\/portonovosuites.it\/#organization\"},\"potentialAction\":[{\"@type\":\"SearchAction\",\"target\":{\"@type\":\"EntryPoint\",\"urlTemplate\":\"https:\/\/portonovosuites.it\/?s={search_term_string}\"},\"query-input\":{\"@type\":\"PropertyValueSpecification\",\"valueRequired\":true,\"valueName\":\"search_term_string\"}}],\"inLanguage\":\"en-GB\"},{\"@type\":\"Organization\",\"@id\":\"https:\/\/portonovosuites.it\/#organization\",\"name\":\"Portonovo Suites\",\"url\":\"https:\/\/portonovosuites.it\/\",\"logo\":{\"@type\":\"ImageObject\",\"inLanguage\":\"en-GB\",\"@id\":\"https:\/\/portonovosuites.it\/#\/schema\/logo\/image\/\",\"url\":\"https:\/\/portonovosuites.it\/wp-content\/uploads\/2025\/03\/Logo-White.svg\",\"contentUrl\":\"https:\/\/portonovosuites.it\/wp-content\/uploads\/2025\/03\/Logo-White.svg\",\"width\":255,\"height\":128,\"caption\":\"Portonovo Suites\"},\"image\":{\"@id\":\"https:\/\/portonovosuites.it\/#\/schema\/logo\/image\/\"}}]}<\/script>\n<!-- \/ Yoast SEO plugin. -->","yoast_head_json":{"title":"Contatti - Portonovo Suites","robots":{"index":"index","follow":"follow","max-snippet":"max-snippet:-1","max-image-preview":"max-image-preview:large","max-video-preview":"max-video-preview:-1"},"canonical":"https:\/\/portonovosuites.it\/en\/contatti\/","og_locale":"en_GB","og_type":"article","og_title":"Contatti - Portonovo Suites","og_description":"Contattaci Richiedi informazioni, prenota facilmente Contatta il nostro staff per richiedere informazioni dettagliate su disponibilit\u00e0, prezzi e offerte speciali per il tuo soggiorno nelle nostre Suites a Portonovo Ancona. Il nostro team ti assister\u00e0 con professionalit\u00e0 e rapidit\u00e0. Assistenza personalizzata su prenotazioni e soggiorni Risposte rapide, chiare e dettagliate Contatti diretti tramite email o telefono [&hellip;]","og_url":"https:\/\/portonovosuites.it\/en\/contatti\/","og_site_name":"Portonovo Suites","article_modified_time":"2025-06-18T16:00:24+00:00","twitter_card":"summary_large_image","twitter_misc":{"Estimated reading time":"1 minute"},"schema":{"@context":"https:\/\/schema.org","@graph":[{"@type":"WebPage","@id":"https:\/\/portonovosuites.it\/contatti\/","url":"https:\/\/portonovosuites.it\/contatti\/","name":"Contatti - Portonovo Suites","isPartOf":{"@id":"https:\/\/portonovosuites.it\/#website"},"datePublished":"2025-03-24T15:19:44+00:00","dateModified":"2025-06-18T16:00:24+00:00","breadcrumb":{"@id":"https:\/\/portonovosuites.it\/contatti\/#breadcrumb"},"inLanguage":"en-GB","potentialAction":[{"@type":"ReadAction","target":["https:\/\/portonovosuites.it\/contatti\/"]}]},{"@type":"BreadcrumbList","@id":"https:\/\/portonovosuites.it\/contatti\/#breadcrumb","itemListElement":[{"@type":"ListItem","position":1,"name":"Home","item":"https:\/\/portonovosuites.it\/"},{"@type":"ListItem","position":2,"name":"Contatti"}]},{"@type":"WebSite","@id":"https:\/\/portonovosuites.it\/#website","url":"https:\/\/portonovosuites.it\/","name":"Portonovo Suites","description":"","publisher":{"@id":"https:\/\/portonovosuites.it\/#organization"},"potentialAction":[{"@type":"SearchAction","target":{"@type":"EntryPoint","urlTemplate":"https:\/\/portonovosuites.it\/?s={search_term_string}"},"query-input":{"@type":"PropertyValueSpecification","valueRequired":true,"valueName":"search_term_string"}}],"inLanguage":"en-GB"},{"@type":"Organization","@id":"https:\/\/portonovosuites.it\/#organization","name":"Portonovo Suites","url":"https:\/\/portonovosuites.it\/","logo":{"@type":"ImageObject","inLanguage":"en-GB","@id":"https:\/\/portonovosuites.it\/#\/schema\/logo\/image\/","url":"https:\/\/portonovosuites.it\/wp-content\/uploads\/2025\/03\/Logo-White.svg","contentUrl":"https:\/\/portonovosuites.it\/wp-content\/uploads\/2025\/03\/Logo-White.svg","width":255,"height":128,"caption":"Portonovo Suites"},"image":{"@id":"https:\/\/portonovosuites.it\/#\/schema\/logo\/image\/"}}]}},"_links":{"self":[{"href":"https:\/\/portonovosuites.it\/en\/wp-json\/wp\/v2\/pages\/33","targetHints":{"allow":["GET"]}}],"collection":[{"href":"https:\/\/portonovosuites.it\/en\/wp-json\/wp\/v2\/pages"}],"about":[{"href":"https:\/\/portonovosuites.it\/en\/wp-json\/wp\/v2\/types\/page"}],"author":[{"embeddable":true,"href":"https:\/\/portonovosuites.it\/en\/wp-json\/wp\/v2\/users\/1"}],"replies":[{"embeddable":true,"href":"https:\/\/portonovosuites.it\/en\/wp-json\/wp\/v2\/comments?post=33"}],"version-history":[{"count":28,"href":"https:\/\/portonovosuites.it\/en\/wp-json\/wp\/v2\/pages\/33\/revisions"}],"predecessor-version":[{"id":516,"href":"https:\/\/portonovosuites.it\/en\/wp-json\/wp\/v2\/pages\/33\/revisions\/516"}],"wp:attachment":[{"href":"https:\/\/portonovosuites.it\/en\/wp-json\/wp\/v2\/media?parent=33"}],"curies":[{"name":"wp","href":"https:\/\/api.w.org\/{rel}","templated":true}]}}